{"id":792,"date":"2016-10-24T10:43:07","date_gmt":"2016-10-24T14:43:07","guid":{"rendered":"http:\/\/viatremblant.com\/contact-projet-immobilier-residentiel-tremblant\/"},"modified":"2023-10-18T16:20:28","modified_gmt":"2023-10-18T20:20:28","slug":"contact-us-residential-real-estate-tremblant","status":"publish","type":"page","link":"https:\/\/viatremblant.com\/en\/contact-us-residential-real-estate-tremblant\/","title":{"rendered":"Contact us"},"content":{"rendered":"<div class=\"wpb-content-wrapper\"><p>[vc_row full_width=&#8221;stretch_row_content_no_spaces&#8221; content_placement=&#8221;middle&#8221; css=&#8221;.vc_custom_1479247240305{margin-top: -30px !important;}&#8221;][vc_column][vc_gmaps link=&#8221;#E-8_JTNDaWZyYW1lJTIwc3JjJTNEJTIyaHR0cHMlM0ElMkYlMkZ3d3cuZ29vZ2xlLmNvbSUyRm1hcHMlMkZlbWJlZCUzRnBiJTNEJTIxMW0xOCUyMTFtMTIlMjExbTMlMjExZDY1NzguMzE2MjY0ODY0NTM0JTIxMmQtNzQuNTc1MDQ4NTYzNzY4MzUlMjEzZDQ2LjExNDA2OTUzMjc0NzQ1JTIxMm0zJTIxMWYwJTIxMmYwJTIxM2YwJTIxM20yJTIxMWkxMDI0JTIxMmk3NjglMjE0ZjEzLjElMjEzbTMlMjExbTIlMjExczB4NGNjZjc0ZWRhNmRkYWU3YiUyNTNBMHhmOGRjNjdhOTc3MWMzOGElMjEyc1ZpYSUyQlRyZW1ibGFudCUyMTVlMCUyMTNtMiUyMTFzZW4lMjEyc2NhJTIxNHYxNTMxOTI1NDE5MjQ2JTIyJTIwd2lkdGglM0QlMjI2MDAlMjIlMjBoZWlnaHQlM0QlMjI0NTAlMjIlMjBmcmFtZWJvcmRlciUzRCUyMjAlMjIlMjBzdHlsZSUzRCUyMmJvcmRlciUzQTAlMjIlMjBhbGxvd2Z1bGxzY3JlZW4lM0UlM0MlMkZpZnJhbWUlM0U=&#8221;][\/vc_column][\/vc_row][vc_row][vc_column][vc_column_text]<\/p>\n<h1>Residential real estate project in Tremblant, Laurentians<\/h1>\n<p>[\/vc_column_text][\/vc_column][\/vc_row][vc_row][vc_column width=&#8221;1\/2&#8243;][vc_column_text]<\/p>\n<h3>Via Tremblant<\/h3>\n<p>305 All\u00e9e de la S\u00e9r\u00e9nit\u00e9<br \/>\nMont-Tremblant, Qu\u00e9bec<\/p>\n<p>Phone : <a href=\"tel:5149626562\">514.962.6562<\/a><br \/>\nEmail : <a href=\"mailto:info@viatremblant.com\">info@viatremblant.com<\/a><\/p>\n<h3>Open house by appointment<\/h3>\n<p>[\/vc_column_text][vc_column_text]<strong>Sales office<\/strong><br \/>\n<strong>C\u00e9line Guy<\/strong><br \/>\nPhone: <a href=\"tel:5149626562\">514.962.6562<\/a><\/p>\n<p><strong>Oleg Pacaleu\u00a0<\/strong><br \/>\nT\u00e9l\u00e9phone : <a href=\"tel:4389385690\">438.938.5690<\/a><\/p>\n<p>[\/vc_column_text][\/vc_column][vc_column width=&#8221;1\/2&#8243;][vc_text_separator title=&#8221;Information request&#8221; color=&#8221;black&#8221;]\n<div class=\"wpcf7 no-js\" id=\"wpcf7-f795-o1\" lang=\"fr-FR\" dir=\"ltr\" data-wpcf7-id=\"795\">\n<div class=\"screen-reader-response\"><p role=\"status\" aria-live=\"polite\" aria-atomic=\"true\"><\/p> <ul><\/ul><\/div>\n<form action=\"\/en\/wp-json\/wp\/v2\/pages\/792#wpcf7-f795-o1\" method=\"post\" class=\"wpcf7-form init\" aria-label=\"Formulaire de contact\" novalidate=\"novalidate\" data-status=\"init\">\n<fieldset class=\"hidden-fields-container\"><input type=\"hidden\" name=\"_wpcf7\" value=\"795\" \/><input type=\"hidden\" name=\"_wpcf7_version\" value=\"6.1.4\" \/><input type=\"hidden\" name=\"_wpcf7_locale\" value=\"fr_FR\" \/><input type=\"hidden\" name=\"_wpcf7_unit_tag\" value=\"wpcf7-f795-o1\" \/><input type=\"hidden\" name=\"_wpcf7_container_post\" value=\"0\" \/><input type=\"hidden\" name=\"_wpcf7_posted_data_hash\" value=\"\" \/><input type=\"hidden\" name=\"_wpcf7_recaptcha_response\" value=\"\" \/>\n<\/fieldset>\n<div class=\"column one-second\">\n\t<p><span class=\"wpcf7-form-control-wrap\" data-name=\"votre-nom\"><input size=\"40\" maxlength=\"400\" class=\"wpcf7-form-control wpcf7-text wpcf7-validates-as-required\" aria-required=\"true\" aria-invalid=\"false\" placeholder=\"Your name\" value=\"\" type=\"text\" name=\"votre-nom\" \/><\/span>\n\t<\/p>\n<\/div>\n<div class=\"column one-second\">\n\t<p><span class=\"wpcf7-form-control-wrap\" data-name=\"courriel\"><input size=\"40\" maxlength=\"400\" class=\"wpcf7-form-control wpcf7-email wpcf7-validates-as-required wpcf7-text wpcf7-validates-as-email\" aria-required=\"true\" aria-invalid=\"false\" placeholder=\"Your email\" value=\"\" type=\"email\" name=\"courriel\" \/><\/span>\n\t<\/p>\n<\/div>\n<div class=\"column one\">\n\t<p><span class=\"wpcf7-form-control-wrap\" data-name=\"sujet\"><input size=\"40\" maxlength=\"400\" class=\"wpcf7-form-control wpcf7-text wpcf7-validates-as-required\" aria-required=\"true\" aria-invalid=\"false\" placeholder=\"Subject\" value=\"\" type=\"text\" name=\"sujet\" \/><\/span>\n\t<\/p>\n<\/div>\n<div class=\"column one\">\n\t<p><span class=\"wpcf7-form-control-wrap\" data-name=\"votre-message\"><textarea cols=\"40\" rows=\"10\" maxlength=\"2000\" class=\"wpcf7-form-control wpcf7-textarea\" aria-invalid=\"false\" placeholder=\"Message\" name=\"votre-message\"><\/textarea><\/span>\n\t<\/p>\n<\/div>\n<div class=\"column one\">\n\n<\/div>\n<div class=\"column one\">\n\t<p><input class=\"wpcf7-form-control wpcf7-submit has-spinner\" type=\"submit\" value=\"Submit\" \/>\n\t<\/p>\n<\/div><input type='hidden' class='wpcf7-pum' value='{\"closepopup\":false,\"closedelay\":0,\"openpopup\":false,\"openpopup_id\":0}' \/><div class=\"wpcf7-response-output\" aria-hidden=\"true\"><\/div>\n<\/form>\n<\/div>\n[\/vc_column][\/vc_row]<\/p>\n<\/div>","protected":false},"excerpt":{"rendered":"<p>[vc_row full_width=&#8221;stretch_row_content_no_spaces&#8221; content_placement=&#8221;middle&#8221; css=&#8221;.vc_custom_1479247240305{margin-top: -30px !important;}&#8221;][vc_column][vc_gmaps link=&#8221;#E-8_JTNDaWZyYW1lJTIwc3JjJTNEJTIyaHR0cHMlM0ElMkYlMkZ3d3cuZ29vZ2xlLmNvbSUyRm1hcHMlMkZlbWJlZCUzRnBiJTNEJTIxMW0xOCUyMTFtMTIlMjExbTMlMjExZDY1NzguMzE2MjY0ODY0NTM0JTIxMmQtNzQuNTc1MDQ4NTYzNzY4MzUlMjEzZDQ2LjExNDA2OTUzMjc0NzQ1JTIxMm0zJTIxMWYwJTIxMmYwJTIxM2YwJTIxM20yJTIxMWkxMDI0JTIxMmk3NjglMjE0ZjEzLjElMjEzbTMlMjExbTIlMjExczB4NGNjZjc0ZWRhNmRkYWU3YiUyNTNBMHhmOGRjNjdhOTc3MWMzOGElMjEyc1ZpYSUyQlRyZW1ibGFudCUyMTVlMCUyMTNtMiUyMTFzZW4lMjEyc2NhJTIxNHYxNTMxOTI1NDE5MjQ2JTIyJTIwd2lkdGglM0QlMjI2MDAlMjIlMjBoZWlnaHQlM0QlMjI0NTAlMjIlMjBmcmFtZWJvcmRlciUzRCUyMjAlMjIlMjBzdHlsZSUzRCUyMmJvcmRlciUzQTAlMjIlMjBhbGxvd2Z1bGxzY3JlZW4lM0UlM0MlMkZpZnJhbWUlM0U=&#8221;][\/vc_column][\/vc_row][vc_row][vc_column][vc_column_text] Residential real estate project in Tremblant, Laurentians [\/vc_column_text][\/vc_column][\/vc_row][vc_row][vc_column width=&#8221;1\/2&#8243;][vc_column_text] Via Tremblant 305 All\u00e9e de la S\u00e9r\u00e9nit\u00e9 Mont-Tremblant, Qu\u00e9bec Phone<span class=\"excerpt-hellip\"> [\u2026]<\/span><\/p>\n","protected":false},"author":1,"featured_media":0,"parent":0,"menu_order":0,"comment_status":"closed","ping_status":"closed","template":"","meta":{"footnotes":""},"class_list":["post-792","page","type-page","status-publish","hentry"],"yoast_head":"<!-- This site is optimized with the Yoast SEO plugin v26.5 - https:\/\/yoast.com\/wordpress\/plugins\/seo\/ -->\n<title>Residential real estate project in Tremblant - Via Tremblant<\/title>\n<meta name=\"description\" content=\"Via Tremblant, a turnkey residential real estate project of new houses at an affordable prices. Contact us today to visit our semi-detached model home!\" \/>\n<meta name=\"robots\" content=\"index, follow, max-snippet:-1, max-image-preview:large, max-video-preview:-1\" \/>\n<link rel=\"canonical\" href=\"https:\/\/viatremblant.com\/en\/contact-us-residential-real-estate-tremblant\/\" \/>\n<meta property=\"og:locale\" content=\"en_US\" \/>\n<meta property=\"og:type\" content=\"article\" \/>\n<meta property=\"og:title\" content=\"Residential real estate project in Tremblant - Via Tremblant\" \/>\n<meta property=\"og:description\" content=\"Via Tremblant, a turnkey residential real estate project of new houses at an affordable prices. Contact us today to visit our semi-detached model home!\" \/>\n<meta property=\"og:url\" content=\"https:\/\/viatremblant.com\/en\/contact-us-residential-real-estate-tremblant\/\" \/>\n<meta property=\"og:site_name\" content=\"Via Tremblant\" \/>\n<meta property=\"article:modified_time\" content=\"2023-10-18T20:20:28+00:00\" \/>\n<meta name=\"twitter:card\" content=\"summary_large_image\" \/>\n<meta name=\"twitter:label1\" content=\"Est. reading time\" \/>\n\t<meta name=\"twitter:data1\" content=\"1 minute\" \/>\n<script type=\"application\/ld+json\" class=\"yoast-schema-graph\">{\"@context\":\"https:\/\/schema.org\",\"@graph\":[{\"@type\":\"WebPage\",\"@id\":\"https:\/\/viatremblant.com\/en\/contact-us-residential-real-estate-tremblant\/\",\"url\":\"https:\/\/viatremblant.com\/en\/contact-us-residential-real-estate-tremblant\/\",\"name\":\"Residential real estate project in Tremblant - Via Tremblant\",\"isPartOf\":{\"@id\":\"https:\/\/viatremblant.com\/#website\"},\"datePublished\":\"2016-10-24T14:43:07+00:00\",\"dateModified\":\"2023-10-18T20:20:28+00:00\",\"description\":\"Via Tremblant, a turnkey residential real estate project of new houses at an affordable prices. Contact us today to visit our semi-detached model home!\",\"breadcrumb\":{\"@id\":\"https:\/\/viatremblant.com\/en\/contact-us-residential-real-estate-tremblant\/#breadcrumb\"},\"inLanguage\":\"en-US\",\"potentialAction\":[{\"@type\":\"ReadAction\",\"target\":[\"https:\/\/viatremblant.com\/en\/contact-us-residential-real-estate-tremblant\/\"]}]},{\"@type\":\"BreadcrumbList\",\"@id\":\"https:\/\/viatremblant.com\/en\/contact-us-residential-real-estate-tremblant\/#breadcrumb\",\"itemListElement\":[{\"@type\":\"ListItem\",\"position\":1,\"name\":\"Accueil\",\"item\":\"https:\/\/viatremblant.com\/en\/\"},{\"@type\":\"ListItem\",\"position\":2,\"name\":\"Contact us\"}]},{\"@type\":\"WebSite\",\"@id\":\"https:\/\/viatremblant.com\/#website\",\"url\":\"https:\/\/viatremblant.com\/\",\"name\":\"Via Tremblant\",\"description\":\"\",\"potentialAction\":[{\"@type\":\"SearchAction\",\"target\":{\"@type\":\"EntryPoint\",\"urlTemplate\":\"https:\/\/viatremblant.com\/?s={search_term_string}\"},\"query-input\":{\"@type\":\"PropertyValueSpecification\",\"valueRequired\":true,\"valueName\":\"search_term_string\"}}],\"inLanguage\":\"en-US\"}]}<\/script>\n<!-- \/ Yoast SEO plugin. -->","yoast_head_json":{"title":"Residential real estate project in Tremblant - Via Tremblant","description":"Via Tremblant, a turnkey residential real estate project of new houses at an affordable prices. Contact us today to visit our semi-detached model home!","robots":{"index":"index","follow":"follow","max-snippet":"max-snippet:-1","max-image-preview":"max-image-preview:large","max-video-preview":"max-video-preview:-1"},"canonical":"https:\/\/viatremblant.com\/en\/contact-us-residential-real-estate-tremblant\/","og_locale":"en_US","og_type":"article","og_title":"Residential real estate project in Tremblant - Via Tremblant","og_description":"Via Tremblant, a turnkey residential real estate project of new houses at an affordable prices. Contact us today to visit our semi-detached model home!","og_url":"https:\/\/viatremblant.com\/en\/contact-us-residential-real-estate-tremblant\/","og_site_name":"Via Tremblant","article_modified_time":"2023-10-18T20:20:28+00:00","twitter_card":"summary_large_image","twitter_misc":{"Est. reading time":"1 minute"},"schema":{"@context":"https:\/\/schema.org","@graph":[{"@type":"WebPage","@id":"https:\/\/viatremblant.com\/en\/contact-us-residential-real-estate-tremblant\/","url":"https:\/\/viatremblant.com\/en\/contact-us-residential-real-estate-tremblant\/","name":"Residential real estate project in Tremblant - Via Tremblant","isPartOf":{"@id":"https:\/\/viatremblant.com\/#website"},"datePublished":"2016-10-24T14:43:07+00:00","dateModified":"2023-10-18T20:20:28+00:00","description":"Via Tremblant, a turnkey residential real estate project of new houses at an affordable prices. Contact us today to visit our semi-detached model home!","breadcrumb":{"@id":"https:\/\/viatremblant.com\/en\/contact-us-residential-real-estate-tremblant\/#breadcrumb"},"inLanguage":"en-US","potentialAction":[{"@type":"ReadAction","target":["https:\/\/viatremblant.com\/en\/contact-us-residential-real-estate-tremblant\/"]}]},{"@type":"BreadcrumbList","@id":"https:\/\/viatremblant.com\/en\/contact-us-residential-real-estate-tremblant\/#breadcrumb","itemListElement":[{"@type":"ListItem","position":1,"name":"Accueil","item":"https:\/\/viatremblant.com\/en\/"},{"@type":"ListItem","position":2,"name":"Contact us"}]},{"@type":"WebSite","@id":"https:\/\/viatremblant.com\/#website","url":"https:\/\/viatremblant.com\/","name":"Via Tremblant","description":"","potentialAction":[{"@type":"SearchAction","target":{"@type":"EntryPoint","urlTemplate":"https:\/\/viatremblant.com\/?s={search_term_string}"},"query-input":{"@type":"PropertyValueSpecification","valueRequired":true,"valueName":"search_term_string"}}],"inLanguage":"en-US"}]}},"_links":{"self":[{"href":"https:\/\/viatremblant.com\/en\/wp-json\/wp\/v2\/pages\/792","targetHints":{"allow":["GET"]}}],"collection":[{"href":"https:\/\/viatremblant.com\/en\/wp-json\/wp\/v2\/pages"}],"about":[{"href":"https:\/\/viatremblant.com\/en\/wp-json\/wp\/v2\/types\/page"}],"author":[{"embeddable":true,"href":"https:\/\/viatremblant.com\/en\/wp-json\/wp\/v2\/users\/1"}],"replies":[{"embeddable":true,"href":"https:\/\/viatremblant.com\/en\/wp-json\/wp\/v2\/comments?post=792"}],"version-history":[{"count":10,"href":"https:\/\/viatremblant.com\/en\/wp-json\/wp\/v2\/pages\/792\/revisions"}],"predecessor-version":[{"id":1517,"href":"https:\/\/viatremblant.com\/en\/wp-json\/wp\/v2\/pages\/792\/revisions\/1517"}],"wp:attachment":[{"href":"https:\/\/viatremblant.com\/en\/wp-json\/wp\/v2\/media?parent=792"}],"curies":[{"name":"wp","href":"https:\/\/api.w.org\/{rel}","templated":true}]}}